{"id":2762,"date":"2023-03-12T18:42:46","date_gmt":"2023-03-12T16:42:46","guid":{"rendered":"https:\/\/seria.ee\/?page_id=2762"},"modified":"2023-12-07T12:21:21","modified_gmt":"2023-12-07T10:21:21","slug":"teenused","status":"publish","type":"page","link":"https:\/\/seria.ee\/en\/teenused\/","title":{"rendered":"Services"},"content":{"rendered":"<div data-elementor-type=\"wp-page\" data-elementor-id=\"2762\" class=\"elementor elementor-2762\">\n\t\t\t\t<div class=\"elementor-element elementor-element-fb888c9 e-flex e-con-boxed elementor-invisible e-con e-parent\" data-id=\"fb888c9\" data-element_type=\"container\" data-e-type=\"container\" data-settings=\"{&quot;background_background&quot;:&quot;classic&quot;,&quot;animation&quot;:&quot;fadeIn&quot;}\">\n\t\t\t\t\t<div class=\"e-con-inner\">\n\t\t\t\t<div class=\"elementor-element elementor-element-d3db1b3 elementor-widget elementor-widget-heading\" data-id=\"d3db1b3\" data-element_type=\"widget\" data-e-type=\"widget\" data-widget_type=\"heading.default\">\n\t\t\t\t<div class=\"elementor-widget-container\">\n\t\t\t\t\t<h2 class=\"elementor-heading-title elementor-size-default\">Services<\/h2>\t\t\t\t<\/div>\n\t\t\t\t<\/div>\n\t\t\t\t\t<\/div>\n\t\t\t\t<\/div>\n\t\t<div class=\"elementor-element elementor-element-ab4c405 e-flex e-con-boxed elementor-invisible e-con e-parent\" data-id=\"ab4c405\" data-element_type=\"container\" data-e-type=\"container\" data-settings=\"{&quot;animation&quot;:&quot;fadeIn&quot;}\">\n\t\t\t\t\t<div class=\"e-con-inner\">\n\t\t\t\t<div class=\"elementor-element elementor-element-045ffe6 elementor-widget elementor-widget-heading\" data-id=\"045ffe6\" data-element_type=\"widget\" data-e-type=\"widget\" data-widget_type=\"heading.default\">\n\t\t\t\t<div class=\"elementor-widget-container\">\n\t\t\t\t\t<h3 class=\"elementor-heading-title elementor-size-default\">Recycling, repair and utilization of used pallets and wooden packaging<\/h3>\t\t\t\t<\/div>\n\t\t\t\t<\/div>\n\t\t\t\t<div class=\"elementor-element elementor-element-9f8d199 elementor-widget-divider--view-line elementor-widget elementor-widget-divider\" data-id=\"9f8d199\" data-element_type=\"widget\" data-e-type=\"widget\" data-settings=\"{&quot;_animation&quot;:&quot;none&quot;}\" data-widget_type=\"divider.default\">\n\t\t\t\t<div class=\"elementor-widget-container\">\n\t\t\t\t\t\t\t<div class=\"elementor-divider\">\n\t\t\t<span class=\"elementor-divider-separator\">\n\t\t\t\t\t\t<\/span>\n\t\t<\/div>\n\t\t\t\t\t\t<\/div>\n\t\t\t\t<\/div>\n\t\t\t\t<div class=\"elementor-element elementor-element-55ebd9b elementor-widget elementor-widget-text-editor\" data-id=\"55ebd9b\" data-element_type=\"widget\" data-e-type=\"widget\" data-widget_type=\"text-editor.default\">\n\t\t\t\t<div class=\"elementor-widget-container\">\n\t\t\t\t\t\t\t\t\t<p>We recycle, repair and utilize used pallets &amp; wooden packaging thus mitigating the industrial impact on the environment. Unusable products are reused for parts for repair and new products. All wood waste is used in agriculture and energy production.<\/p><p>We can provide certificates for recycling for utilized pallets and wooden packaging.<\/p><p><strong>Seria Haldus O\u00dc recycling license no.:<\/strong>\u00a0J\u00c4\/335100<\/p>\t\t\t\t\t\t\t\t<\/div>\n\t\t\t\t<\/div>\n\t\t\t\t<div class=\"elementor-element elementor-element-fe7392e elementor-widget elementor-widget-heading\" data-id=\"fe7392e\" data-element_type=\"widget\" data-e-type=\"widget\" data-widget_type=\"heading.default\">\n\t\t\t\t<div class=\"elementor-widget-container\">\n\t\t\t\t\t<h3 class=\"elementor-heading-title elementor-size-default\">Product schematics and packaging solutions design and development<\/h3>\t\t\t\t<\/div>\n\t\t\t\t<\/div>\n\t\t\t\t<div class=\"elementor-element elementor-element-52ae312 elementor-widget-divider--view-line elementor-widget elementor-widget-divider\" data-id=\"52ae312\" data-element_type=\"widget\" data-e-type=\"widget\" data-widget_type=\"divider.default\">\n\t\t\t\t<div class=\"elementor-widget-container\">\n\t\t\t\t\t\t\t<div class=\"elementor-divider\">\n\t\t\t<span class=\"elementor-divider-separator\">\n\t\t\t\t\t\t<\/span>\n\t\t<\/div>\n\t\t\t\t\t\t<\/div>\n\t\t\t\t<\/div>\n\t\t\t\t<div class=\"elementor-element elementor-element-077ebab elementor-widget elementor-widget-text-editor\" data-id=\"077ebab\" data-element_type=\"widget\" data-e-type=\"widget\" data-widget_type=\"text-editor.default\">\n\t\t\t\t<div class=\"elementor-widget-container\">\n\t\t\t\t\t\t\t\t\t<p>We provide consultation services to design and improve packaging solutions in cooperation with the client including compiling schematics for packaging products.<\/p>\t\t\t\t\t\t\t\t<\/div>\n\t\t\t\t<\/div>\n\t\t\t\t<div class=\"elementor-element elementor-element-20cf2c4 elementor-widget elementor-widget-heading\" data-id=\"20cf2c4\" data-element_type=\"widget\" data-e-type=\"widget\" data-widget_type=\"heading.default\">\n\t\t\t\t<div class=\"elementor-widget-container\">\n\t\t\t\t\t<h3 class=\"elementor-heading-title elementor-size-default\">Heat treatment ISPM15<\/h3>\t\t\t\t<\/div>\n\t\t\t\t<\/div>\n\t\t\t\t<div class=\"elementor-element elementor-element-c2f4fee elementor-widget-divider--view-line elementor-widget elementor-widget-divider\" data-id=\"c2f4fee\" data-element_type=\"widget\" data-e-type=\"widget\" data-widget_type=\"divider.default\">\n\t\t\t\t<div class=\"elementor-widget-container\">\n\t\t\t\t\t\t\t<div class=\"elementor-divider\">\n\t\t\t<span class=\"elementor-divider-separator\">\n\t\t\t\t\t\t<\/span>\n\t\t<\/div>\n\t\t\t\t\t\t<\/div>\n\t\t\t\t<\/div>\n\t\t\t\t<div class=\"elementor-element elementor-element-7359aa0 elementor-widget elementor-widget-text-editor\" data-id=\"7359aa0\" data-element_type=\"widget\" data-e-type=\"widget\" data-widget_type=\"text-editor.default\">\n\t\t\t\t<div class=\"elementor-widget-container\">\n\t\t\t\t\t\t\t\t\t<p>We own a certificate to produce heat treated pallets and packaging solutions according to the ISPM15 standard. Our code is EE-4027<\/p>\t\t\t\t\t\t\t\t<\/div>\n\t\t\t\t<\/div>\n\t\t\t\t<div class=\"elementor-element elementor-element-2b0b409 elementor-widget elementor-widget-heading\" data-id=\"2b0b409\" data-element_type=\"widget\" data-e-type=\"widget\" data-widget_type=\"heading.default\">\n\t\t\t\t<div class=\"elementor-widget-container\">\n\t\t\t\t\t<h3 class=\"elementor-heading-title elementor-size-default\">Logistics<\/h3>\t\t\t\t<\/div>\n\t\t\t\t<\/div>\n\t\t\t\t<div class=\"elementor-element elementor-element-02968df elementor-widget-divider--view-line elementor-widget elementor-widget-divider\" data-id=\"02968df\" data-element_type=\"widget\" data-e-type=\"widget\" data-widget_type=\"divider.default\">\n\t\t\t\t<div class=\"elementor-widget-container\">\n\t\t\t\t\t\t\t<div class=\"elementor-divider\">\n\t\t\t<span class=\"elementor-divider-separator\">\n\t\t\t\t\t\t<\/span>\n\t\t<\/div>\n\t\t\t\t\t\t<\/div>\n\t\t\t\t<\/div>\n\t\t\t\t<div class=\"elementor-element elementor-element-87f37af elementor-widget elementor-widget-text-editor\" data-id=\"87f37af\" data-element_type=\"widget\" data-e-type=\"widget\" data-widget_type=\"text-editor.default\">\n\t\t\t\t<div class=\"elementor-widget-container\">\n\t\t\t\t\t\t\t\t\t<p>We and our partners provide a reliable logistics service of shipped goods to Your site.<\/p>\t\t\t\t\t\t\t\t<\/div>\n\t\t\t\t<\/div>\n\t\t\t\t<div class=\"elementor-element elementor-element-80dc33b elementor-widget elementor-widget-heading\" data-id=\"80dc33b\" data-element_type=\"widget\" data-e-type=\"widget\" data-widget_type=\"heading.default\">\n\t\t\t\t<div class=\"elementor-widget-container\">\n\t\t\t\t\t<h3 class=\"elementor-heading-title elementor-size-default\">Storage<\/h3>\t\t\t\t<\/div>\n\t\t\t\t<\/div>\n\t\t\t\t<div class=\"elementor-element elementor-element-42fc504 elementor-widget-divider--view-line elementor-widget elementor-widget-divider\" data-id=\"42fc504\" data-element_type=\"widget\" data-e-type=\"widget\" data-widget_type=\"divider.default\">\n\t\t\t\t<div class=\"elementor-widget-container\">\n\t\t\t\t\t\t\t<div class=\"elementor-divider\">\n\t\t\t<span class=\"elementor-divider-separator\">\n\t\t\t\t\t\t<\/span>\n\t\t<\/div>\n\t\t\t\t\t\t<\/div>\n\t\t\t\t<\/div>\n\t\t\t\t<div class=\"elementor-element elementor-element-4a16c88 elementor-widget elementor-widget-text-editor\" data-id=\"4a16c88\" data-element_type=\"widget\" data-e-type=\"widget\" data-widget_type=\"text-editor.default\">\n\t\t\t\t<div class=\"elementor-widget-container\">\n\t\t\t\t\t\t\t\t\t<p>We store Your goods in our warehouse until shipping.<\/p><p>For long term supply we can store several large shipments at a time.<\/p>\t\t\t\t\t\t\t\t<\/div>\n\t\t\t\t<\/div>\n\t\t\t\t\t<\/div>\n\t\t\t\t<\/div>\n\t\t\t\t<\/div>","protected":false},"excerpt":{"rendered":"<p>Teenused Kaubaaluste ja muude puitpakendite remont, taaskasutamine ja utiliseerimine Remondime katkiseid puitpakendeid ning suuname tagasi ringlusesse, pikendades pakendite eluiga ja s\u00e4\u00e4stes keskkonda. Utiliseerime kaubaalused ja muud puitpakendid, mida ei saa tagasi pakendiringlusesse suunata. Selle k\u00e4igus l\u00e4heb kogu puit kas taaskasutusse v\u00f5i energia tootmisesse. Taaskasutamise puhul v\u00e4ljastame taaskasutust\u00f5endi. Seria Haldus O\u00dc j\u00e4\u00e4tmeloa nr.:\u00a0J\u00c4\/335100 Pakendite ja pakkelahenduste [&hellip;]<\/p>","protected":false},"author":1,"featured_media":0,"parent":0,"menu_order":0,"comment_status":"closed","ping_status":"closed","template":"","meta":{"footnotes":""},"class_list":["post-2762","page","type-page","status-publish","hentry"],"aioseo_notices":[],"_links":{"self":[{"href":"https:\/\/seria.ee\/en\/wp-json\/wp\/v2\/pages\/2762"}],"collection":[{"href":"https:\/\/seria.ee\/en\/wp-json\/wp\/v2\/pages"}],"about":[{"href":"https:\/\/seria.ee\/en\/wp-json\/wp\/v2\/types\/page"}],"author":[{"embeddable":true,"href":"https:\/\/seria.ee\/en\/wp-json\/wp\/v2\/users\/1"}],"replies":[{"embeddable":true,"href":"https:\/\/seria.ee\/en\/wp-json\/wp\/v2\/comments?post=2762"}],"version-history":[{"count":0,"href":"https:\/\/seria.ee\/en\/wp-json\/wp\/v2\/pages\/2762\/revisions"}],"wp:attachment":[{"href":"https:\/\/seria.ee\/en\/wp-json\/wp\/v2\/media?parent=2762"}],"curies":[{"name":"wp","href":"https:\/\/api.w.org\/{rel}","templated":true}]}}