{"id":2944,"date":"2023-03-15T16:47:17","date_gmt":"2023-03-15T14:47:17","guid":{"rendered":"https:\/\/seria.ee\/?page_id=2944"},"modified":"2024-03-18T10:02:47","modified_gmt":"2024-03-18T08:02:47","slug":"kaubaaluste-kokkuost","status":"publish","type":"page","link":"https:\/\/seria.ee\/en\/kaubaaluste-kokkuost\/","title":{"rendered":"Purchasing"},"content":{"rendered":"<div data-elementor-type=\"wp-page\" data-elementor-id=\"2944\" class=\"elementor elementor-2944\">\n\t\t\t\t<div class=\"elementor-element elementor-element-c3e8683 e-flex e-con-boxed elementor-invisible e-con e-parent\" data-id=\"c3e8683\" data-element_type=\"container\" data-e-type=\"container\" data-settings=\"{&quot;background_background&quot;:&quot;classic&quot;,&quot;animation&quot;:&quot;fadeIn&quot;}\">\n\t\t\t\t\t<div class=\"e-con-inner\">\n\t\t\t\t<div class=\"elementor-element elementor-element-a7004b3 elementor-widget elementor-widget-heading\" data-id=\"a7004b3\" data-element_type=\"widget\" data-e-type=\"widget\" data-widget_type=\"heading.default\">\n\t\t\t\t<div class=\"elementor-widget-container\">\n\t\t\t\t\t<h2 class=\"elementor-heading-title elementor-size-default\">Purchasing<\/h2>\t\t\t\t<\/div>\n\t\t\t\t<\/div>\n\t\t\t\t\t<\/div>\n\t\t\t\t<\/div>\n\t\t<div class=\"elementor-element elementor-element-c628ca1 e-flex e-con-boxed elementor-invisible e-con e-parent\" data-id=\"c628ca1\" data-element_type=\"container\" data-e-type=\"container\" data-settings=\"{&quot;animation&quot;:&quot;fadeIn&quot;}\">\n\t\t\t\t\t<div class=\"e-con-inner\">\n\t\t\t\t<div class=\"elementor-element elementor-element-069e21c elementor-widget elementor-widget-heading\" data-id=\"069e21c\" data-element_type=\"widget\" data-e-type=\"widget\" data-widget_type=\"heading.default\">\n\t\t\t\t<div class=\"elementor-widget-container\">\n\t\t\t\t\t<h3 class=\"elementor-heading-title elementor-size-default\">We purchase used pallets &amp; pallet collars in the following categories:<\/h3>\t\t\t\t<\/div>\n\t\t\t\t<\/div>\n\t\t\t\t\t<\/div>\n\t\t\t\t<\/div>\n\t\t<div class=\"elementor-element elementor-element-b2ee42b e-flex e-con-boxed e-con e-parent\" data-id=\"b2ee42b\" data-element_type=\"container\" data-e-type=\"container\">\n\t\t\t\t\t<div class=\"e-con-inner\">\n\t\t<div class=\"elementor-element elementor-element-7a4d7eb e-con-full e-flex e-con e-child\" data-id=\"7a4d7eb\" data-element_type=\"container\" data-e-type=\"container\">\n\t\t\t\t<div class=\"elementor-element elementor-element-a971d71 elementor-widget elementor-widget-text-editor\" data-id=\"a971d71\" data-element_type=\"widget\" data-e-type=\"widget\" data-widget_type=\"text-editor.default\">\n\t\t\t\t<div class=\"elementor-widget-container\">\n\t\t\t\t\t\t\t\t\t<p><strong>Euro-sized pallets<\/strong><br \/>EUR\/EPAL certified pallets<br \/>800x1200mm one-way pallets<br \/>600x800mm half pallets<\/p>\t\t\t\t\t\t\t\t<\/div>\n\t\t\t\t<\/div>\n\t\t\t\t<\/div>\n\t\t<div class=\"elementor-element elementor-element-0004f63 e-con-full e-flex e-con e-child\" data-id=\"0004f63\" data-element_type=\"container\" data-e-type=\"container\">\n\t\t\t\t<div class=\"elementor-element elementor-element-593438f elementor-widget elementor-widget-image\" data-id=\"593438f\" data-element_type=\"widget\" data-e-type=\"widget\" data-widget_type=\"image.default\">\n\t\t\t\t<div class=\"elementor-widget-container\">\n\t\t\t\t\t\t\t\t\t\t\t\t\t\t\t<img fetchpriority=\"high\" decoding=\"async\" width=\"2077\" height=\"1275\" src=\"https:\/\/seria.ee\/wp-content\/uploads\/2023\/12\/EUR-A-scaled-e1710748673459.jpg\" class=\"attachment-full size-full wp-image-3832\" alt=\"\" srcset=\"https:\/\/seria.ee\/wp-content\/uploads\/2023\/12\/EUR-A-scaled-e1710748673459.jpg 2077w, https:\/\/seria.ee\/wp-content\/uploads\/2023\/12\/EUR-A-scaled-e1710748673459-300x184.jpg 300w, https:\/\/seria.ee\/wp-content\/uploads\/2023\/12\/EUR-A-scaled-e1710748673459-1024x629.jpg 1024w, https:\/\/seria.ee\/wp-content\/uploads\/2023\/12\/EUR-A-scaled-e1710748673459-768x471.jpg 768w, https:\/\/seria.ee\/wp-content\/uploads\/2023\/12\/EUR-A-scaled-e1710748673459-1536x943.jpg 1536w, https:\/\/seria.ee\/wp-content\/uploads\/2023\/12\/EUR-A-scaled-e1710748673459-2048x1257.jpg 2048w, https:\/\/seria.ee\/wp-content\/uploads\/2023\/12\/EUR-A-scaled-e1710748673459-600x368.jpg 600w\" sizes=\"(max-width: 2077px) 100vw, 2077px\" \/>\t\t\t\t\t\t\t\t\t\t\t\t\t\t\t<\/div>\n\t\t\t\t<\/div>\n\t\t\t\t<\/div>\n\t\t<div class=\"elementor-element elementor-element-9ba5998 e-con-full e-flex e-con e-child\" data-id=\"9ba5998\" data-element_type=\"container\" data-e-type=\"container\">\n\t\t\t\t<div class=\"elementor-element elementor-element-670903e elementor-widget elementor-widget-image\" data-id=\"670903e\" data-element_type=\"widget\" data-e-type=\"widget\" data-widget_type=\"image.default\">\n\t\t\t\t<div class=\"elementor-widget-container\">\n\t\t\t\t\t\t\t\t\t\t\t\t\t\t\t<img decoding=\"async\" width=\"2491\" height=\"1557\" src=\"https:\/\/seria.ee\/wp-content\/uploads\/2023\/12\/800x1200-kasutatud-scaled-e1710320001640.jpg\" class=\"attachment-full size-full wp-image-3828\" alt=\"\" srcset=\"https:\/\/seria.ee\/wp-content\/uploads\/2023\/12\/800x1200-kasutatud-scaled-e1710320001640.jpg 2491w, https:\/\/seria.ee\/wp-content\/uploads\/2023\/12\/800x1200-kasutatud-scaled-e1710320001640-300x188.jpg 300w, https:\/\/seria.ee\/wp-content\/uploads\/2023\/12\/800x1200-kasutatud-scaled-e1710320001640-1024x640.jpg 1024w, https:\/\/seria.ee\/wp-content\/uploads\/2023\/12\/800x1200-kasutatud-scaled-e1710320001640-768x480.jpg 768w, https:\/\/seria.ee\/wp-content\/uploads\/2023\/12\/800x1200-kasutatud-scaled-e1710320001640-1536x960.jpg 1536w, https:\/\/seria.ee\/wp-content\/uploads\/2023\/12\/800x1200-kasutatud-scaled-e1710320001640-2048x1280.jpg 2048w, https:\/\/seria.ee\/wp-content\/uploads\/2023\/12\/800x1200-kasutatud-scaled-e1710320001640-600x375.jpg 600w\" sizes=\"(max-width: 2491px) 100vw, 2491px\" \/>\t\t\t\t\t\t\t\t\t\t\t\t\t\t\t<\/div>\n\t\t\t\t<\/div>\n\t\t\t\t<\/div>\n\t\t<div class=\"elementor-element elementor-element-5a03a1a e-con-full e-flex e-con e-child\" data-id=\"5a03a1a\" data-element_type=\"container\" data-e-type=\"container\">\n\t\t\t\t<div class=\"elementor-element elementor-element-269dab8 elementor-widget elementor-widget-image\" data-id=\"269dab8\" data-element_type=\"widget\" data-e-type=\"widget\" data-widget_type=\"image.default\">\n\t\t\t\t<div class=\"elementor-widget-container\">\n\t\t\t\t\t\t\t\t\t\t\t\t\t\t\t<img decoding=\"async\" width=\"2560\" height=\"1920\" src=\"https:\/\/seria.ee\/wp-content\/uploads\/2024\/03\/600x800-kasutatud-scaled.jpg\" class=\"attachment-full size-full wp-image-3837\" alt=\"\" srcset=\"https:\/\/seria.ee\/wp-content\/uploads\/2024\/03\/600x800-kasutatud-scaled.jpg 2560w, https:\/\/seria.ee\/wp-content\/uploads\/2024\/03\/600x800-kasutatud-300x225.jpg 300w, https:\/\/seria.ee\/wp-content\/uploads\/2024\/03\/600x800-kasutatud-1024x768.jpg 1024w, https:\/\/seria.ee\/wp-content\/uploads\/2024\/03\/600x800-kasutatud-768x576.jpg 768w, https:\/\/seria.ee\/wp-content\/uploads\/2024\/03\/600x800-kasutatud-1536x1152.jpg 1536w, https:\/\/seria.ee\/wp-content\/uploads\/2024\/03\/600x800-kasutatud-2048x1536.jpg 2048w, https:\/\/seria.ee\/wp-content\/uploads\/2024\/03\/600x800-kasutatud-600x450.jpg 600w\" sizes=\"(max-width: 2560px) 100vw, 2560px\" \/>\t\t\t\t\t\t\t\t\t\t\t\t\t\t\t<\/div>\n\t\t\t\t<\/div>\n\t\t\t\t<\/div>\n\t\t\t\t\t<\/div>\n\t\t\t\t<\/div>\n\t\t<div class=\"elementor-element elementor-element-b77be94 e-flex e-con-boxed e-con e-parent\" data-id=\"b77be94\" data-element_type=\"container\" data-e-type=\"container\">\n\t\t\t\t\t<div class=\"e-con-inner\">\n\t\t<div class=\"elementor-element elementor-element-c8d5095 e-con-full e-flex e-con e-child\" data-id=\"c8d5095\" data-element_type=\"container\" data-e-type=\"container\">\n\t\t\t\t<div class=\"elementor-element elementor-element-f315762 elementor-widget elementor-widget-text-editor\" data-id=\"f315762\" data-element_type=\"widget\" data-e-type=\"widget\" data-widget_type=\"text-editor.default\">\n\t\t\t\t<div class=\"elementor-widget-container\">\n\t\t\t\t\t\t\t\t\t<p><strong>FIN-sized pallets<\/strong><br \/>FIN certified pallets<br \/>1000x1200mm one-way pallets<br \/>1000x1200mm frames<\/p>\t\t\t\t\t\t\t\t<\/div>\n\t\t\t\t<\/div>\n\t\t\t\t<\/div>\n\t\t<div class=\"elementor-element elementor-element-9316476 e-con-full e-flex e-con e-child\" data-id=\"9316476\" data-element_type=\"container\" data-e-type=\"container\">\n\t\t\t\t<div class=\"elementor-element elementor-element-2fee358 elementor-widget elementor-widget-image\" data-id=\"2fee358\" data-element_type=\"widget\" data-e-type=\"widget\" data-widget_type=\"image.default\">\n\t\t\t\t<div class=\"elementor-widget-container\">\n\t\t\t\t\t\t\t\t\t\t\t\t\t\t\t<img loading=\"lazy\" decoding=\"async\" width=\"800\" height=\"600\" src=\"https:\/\/seria.ee\/wp-content\/uploads\/2020\/07\/kaubaalus-1000x1200-ristjalastega-raam-1.jpg\" class=\"attachment-full size-full wp-image-1778\" alt=\"\" srcset=\"https:\/\/seria.ee\/wp-content\/uploads\/2020\/07\/kaubaalus-1000x1200-ristjalastega-raam-1.jpg 800w, https:\/\/seria.ee\/wp-content\/uploads\/2020\/07\/kaubaalus-1000x1200-ristjalastega-raam-1-600x450.jpg 600w, https:\/\/seria.ee\/wp-content\/uploads\/2020\/07\/kaubaalus-1000x1200-ristjalastega-raam-1-300x225.jpg 300w, https:\/\/seria.ee\/wp-content\/uploads\/2020\/07\/kaubaalus-1000x1200-ristjalastega-raam-1-768x576.jpg 768w\" sizes=\"(max-width: 800px) 100vw, 800px\" \/>\t\t\t\t\t\t\t\t\t\t\t\t\t\t\t<\/div>\n\t\t\t\t<\/div>\n\t\t\t\t<\/div>\n\t\t<div class=\"elementor-element elementor-element-66a3708 e-con-full elementor-hidden-mobile e-flex e-con e-child\" data-id=\"66a3708\" data-element_type=\"container\" data-e-type=\"container\">\n\t\t\t\t<div class=\"elementor-element elementor-element-84ba363 elementor-widget elementor-widget-image\" data-id=\"84ba363\" data-element_type=\"widget\" data-e-type=\"widget\" data-widget_type=\"image.default\">\n\t\t\t\t<div class=\"elementor-widget-container\">\n\t\t\t\t\t\t\t\t\t\t\t\t\t\t\t<img loading=\"lazy\" decoding=\"async\" width=\"800\" height=\"523\" src=\"https:\/\/seria.ee\/wp-content\/uploads\/2023\/12\/FIN-A-scaled-e1710748915801-1024x669.jpg\" class=\"attachment-large size-large wp-image-3826\" alt=\"\" srcset=\"https:\/\/seria.ee\/wp-content\/uploads\/2023\/12\/FIN-A-scaled-e1710748915801-1024x669.jpg 1024w, https:\/\/seria.ee\/wp-content\/uploads\/2023\/12\/FIN-A-scaled-e1710748915801-300x196.jpg 300w, https:\/\/seria.ee\/wp-content\/uploads\/2023\/12\/FIN-A-scaled-e1710748915801-768x502.jpg 768w, https:\/\/seria.ee\/wp-content\/uploads\/2023\/12\/FIN-A-scaled-e1710748915801-1536x1004.jpg 1536w, https:\/\/seria.ee\/wp-content\/uploads\/2023\/12\/FIN-A-scaled-e1710748915801-600x392.jpg 600w, https:\/\/seria.ee\/wp-content\/uploads\/2023\/12\/FIN-A-scaled-e1710748915801.jpg 1923w\" sizes=\"(max-width: 800px) 100vw, 800px\" \/>\t\t\t\t\t\t\t\t\t\t\t\t\t\t\t<\/div>\n\t\t\t\t<\/div>\n\t\t\t\t<\/div>\n\t\t<div class=\"elementor-element elementor-element-d1fbcba e-con-full elementor-hidden-mobile e-flex e-con e-child\" data-id=\"d1fbcba\" data-element_type=\"container\" data-e-type=\"container\">\n\t\t\t\t<\/div>\n\t\t\t\t\t<\/div>\n\t\t\t\t<\/div>\n\t\t<div class=\"elementor-element elementor-element-c049541 e-flex e-con-boxed e-con e-parent\" data-id=\"c049541\" data-element_type=\"container\" data-e-type=\"container\">\n\t\t\t\t\t<div class=\"e-con-inner\">\n\t\t<div class=\"elementor-element elementor-element-aa53fc0 e-con-full e-flex e-con e-child\" data-id=\"aa53fc0\" data-element_type=\"container\" data-e-type=\"container\">\n\t\t\t\t<div class=\"elementor-element elementor-element-f7a5ce8 elementor-widget elementor-widget-text-editor\" data-id=\"f7a5ce8\" data-element_type=\"widget\" data-e-type=\"widget\" data-widget_type=\"text-editor.default\">\n\t\t\t\t<div class=\"elementor-widget-container\">\n\t\t\t\t\t\t\t\t\t<p><strong>Pallet collars<\/strong><br \/>800x1200mm<br \/>600x800mm<br \/>1000x1200mm<br \/><br \/><\/p>\t\t\t\t\t\t\t\t<\/div>\n\t\t\t\t<\/div>\n\t\t\t\t<\/div>\n\t\t<div class=\"elementor-element elementor-element-4c2ea91 e-con-full e-flex e-con e-child\" data-id=\"4c2ea91\" data-element_type=\"container\" data-e-type=\"container\">\n\t\t\t\t<div class=\"elementor-element elementor-element-98f29f5 elementor-widget elementor-widget-image\" data-id=\"98f29f5\" data-element_type=\"widget\" data-e-type=\"widget\" data-widget_type=\"image.default\">\n\t\t\t\t<div class=\"elementor-widget-container\">\n\t\t\t\t\t\t\t\t\t\t\t\t\t\t\t<img loading=\"lazy\" decoding=\"async\" width=\"4608\" height=\"3456\" src=\"https:\/\/seria.ee\/wp-content\/uploads\/2023\/12\/Korgendused.png\" class=\"attachment-full size-full wp-image-3734\" alt=\"\" srcset=\"https:\/\/seria.ee\/wp-content\/uploads\/2023\/12\/Korgendused.png 4608w, https:\/\/seria.ee\/wp-content\/uploads\/2023\/12\/Korgendused-300x225.png 300w, https:\/\/seria.ee\/wp-content\/uploads\/2023\/12\/Korgendused-1024x768.png 1024w, https:\/\/seria.ee\/wp-content\/uploads\/2023\/12\/Korgendused-768x576.png 768w, https:\/\/seria.ee\/wp-content\/uploads\/2023\/12\/Korgendused-1536x1152.png 1536w, https:\/\/seria.ee\/wp-content\/uploads\/2023\/12\/Korgendused-2048x1536.png 2048w, https:\/\/seria.ee\/wp-content\/uploads\/2023\/12\/Korgendused-600x450.png 600w\" sizes=\"(max-width: 4608px) 100vw, 4608px\" \/>\t\t\t\t\t\t\t\t\t\t\t\t\t\t\t<\/div>\n\t\t\t\t<\/div>\n\t\t\t\t<\/div>\n\t\t<div class=\"elementor-element elementor-element-dc079f6 e-con-full elementor-hidden-mobile e-flex e-con e-child\" data-id=\"dc079f6\" data-element_type=\"container\" data-e-type=\"container\">\n\t\t\t\t<\/div>\n\t\t<div class=\"elementor-element elementor-element-2d4d266 e-con-full elementor-hidden-mobile e-flex e-con e-child\" data-id=\"2d4d266\" data-element_type=\"container\" data-e-type=\"container\">\n\t\t\t\t<\/div>\n\t\t\t\t\t<\/div>\n\t\t\t\t<\/div>\n\t\t<div class=\"elementor-element elementor-element-0b77f10 e-flex e-con-boxed e-con e-parent\" data-id=\"0b77f10\" data-element_type=\"container\" data-e-type=\"container\">\n\t\t\t\t\t<div class=\"e-con-inner\">\n\t\t<div class=\"elementor-element elementor-element-a240444 e-con-full e-flex e-con e-child\" data-id=\"a240444\" data-element_type=\"container\" data-e-type=\"container\">\n\t\t\t\t<div class=\"elementor-element elementor-element-0fa7e63 elementor-widget elementor-widget-text-editor\" data-id=\"0fa7e63\" data-element_type=\"widget\" data-e-type=\"widget\" data-widget_type=\"text-editor.default\">\n\t\t\t\t<div class=\"elementor-widget-container\">\n\t\t\t\t\t\t\t\t\t<p><strong>Puchase on-site open Mon-Fri 8AM - 4PM<\/strong><\/p><p>Option to pick up used pallets at Your site. <br \/>Get more information\u00a0<a href=\"https:\/\/seria.ee\/en\/kontakt\/\" data-type=\"page\" data-id=\"2766\"><strong>by clicking here<\/strong><\/a>\u00a0or by calling the following number:\u00a0<strong>+372 5683 3111<\/strong>.<\/p>\t\t\t\t\t\t\t\t<\/div>\n\t\t\t\t<\/div>\n\t\t\t\t<\/div>\n\t\t\t\t\t<\/div>\n\t\t\t\t<\/div>\n\t\t\t\t<\/div>","protected":false},"excerpt":{"rendered":"<p>Kokkuost Ostame kokku kasutatud kaubaaluseid ja puitpakendeid alltoodud kategooriates 800x1200mm m\u00f5\u00f5tudega alusedEUR\/EPAL m\u00e4rgistusega alused800x1200mm \u00fchekordsed alused600x800mm poolalused FIN m\u00f5\u00f5tudega alusedFIN m\u00e4rgistusega alused1000x1200mm \u00fchekordsed alused1000x1200mm raamid Kaubaaluste k\u00f5rgendused (kraed\/\u00e4\u00e4rised)800x1200mm600x800mm1000x1200mm Kokkuost avatud E-R 8:00-16:00 aadressil Unipiha tee 11, Reola Pakume kokkuleppel omapoolset kaubaaluste transporti \u00e4ra viimiseks. K\u00fcsi rohkem infot\u00a0vajutades siia\u00a0v\u00f5i helistades tootmisosakonda numbril\u00a0+372 5683 3111.<\/p>","protected":false},"author":1,"featured_media":0,"parent":0,"menu_order":0,"comment_status":"closed","ping_status":"closed","template":"","meta":{"footnotes":""},"class_list":["post-2944","page","type-page","status-publish","hentry"],"aioseo_notices":[],"_links":{"self":[{"href":"https:\/\/seria.ee\/en\/wp-json\/wp\/v2\/pages\/2944"}],"collection":[{"href":"https:\/\/seria.ee\/en\/wp-json\/wp\/v2\/pages"}],"about":[{"href":"https:\/\/seria.ee\/en\/wp-json\/wp\/v2\/types\/page"}],"author":[{"embeddable":true,"href":"https:\/\/seria.ee\/en\/wp-json\/wp\/v2\/users\/1"}],"replies":[{"embeddable":true,"href":"https:\/\/seria.ee\/en\/wp-json\/wp\/v2\/comments?post=2944"}],"version-history":[{"count":0,"href":"https:\/\/seria.ee\/en\/wp-json\/wp\/v2\/pages\/2944\/revisions"}],"wp:attachment":[{"href":"https:\/\/seria.ee\/en\/wp-json\/wp\/v2\/media?parent=2944"}],"curies":[{"name":"wp","href":"https:\/\/api.w.org\/{rel}","templated":true}]}}