{"id":2999,"date":"2023-07-13T11:12:20","date_gmt":"2023-07-13T08:12:20","guid":{"rendered":"https:\/\/seria.ee\/?page_id=2999"},"modified":"2025-08-15T01:53:40","modified_gmt":"2025-08-14T22:53:40","slug":"toetused","status":"publish","type":"page","link":"https:\/\/seria.ee\/en\/toetused\/","title":{"rendered":"Grants"},"content":{"rendered":"<div data-elementor-type=\"wp-page\" data-elementor-id=\"2999\" class=\"elementor elementor-2999\">\n\t\t\t\t<div class=\"elementor-element elementor-element-133e4db e-flex e-con-boxed elementor-invisible e-con e-parent\" data-id=\"133e4db\" data-element_type=\"container\" data-e-type=\"container\" data-settings=\"{&quot;background_background&quot;:&quot;classic&quot;,&quot;animation&quot;:&quot;fadeIn&quot;}\">\n\t\t\t\t\t<div class=\"e-con-inner\">\n\t\t\t\t<div class=\"elementor-element elementor-element-0263d13 elementor-widget elementor-widget-heading\" data-id=\"0263d13\" data-element_type=\"widget\" data-e-type=\"widget\" data-widget_type=\"heading.default\">\n\t\t\t\t<div class=\"elementor-widget-container\">\n\t\t\t\t\t<h2 class=\"elementor-heading-title elementor-size-default\">Grants<\/h2>\t\t\t\t<\/div>\n\t\t\t\t<\/div>\n\t\t\t\t\t<\/div>\n\t\t\t\t<\/div>\n\t\t<div class=\"elementor-element elementor-element-775df26 e-flex e-con-boxed e-con e-parent\" data-id=\"775df26\" data-element_type=\"container\" data-e-type=\"container\" data-settings=\"{&quot;background_background&quot;:&quot;classic&quot;}\">\n\t\t\t\t\t<div class=\"e-con-inner\">\n\t\t\t\t<div class=\"elementor-element elementor-element-e6baa75 elementor-widget elementor-widget-image\" data-id=\"e6baa75\" data-element_type=\"widget\" data-e-type=\"widget\" data-widget_type=\"image.default\">\n\t\t\t\t<div class=\"elementor-widget-container\">\n\t\t\t\t\t\t\t\t\t\t\t\t\t\t\t<img fetchpriority=\"high\" decoding=\"async\" width=\"800\" height=\"465\" src=\"https:\/\/seria.ee\/wp-content\/uploads\/2024\/08\/Kaasrahastanud_EL_kaksiklogod_EST_hor_color_RGB.png\" class=\"attachment-large size-large wp-image-3881\" alt=\"\" srcset=\"https:\/\/seria.ee\/wp-content\/uploads\/2024\/08\/Kaasrahastanud_EL_kaksiklogod_EST_hor_color_RGB.png 1022w, https:\/\/seria.ee\/wp-content\/uploads\/2024\/08\/Kaasrahastanud_EL_kaksiklogod_EST_hor_color_RGB-300x174.png 300w, https:\/\/seria.ee\/wp-content\/uploads\/2024\/08\/Kaasrahastanud_EL_kaksiklogod_EST_hor_color_RGB-768x446.png 768w, https:\/\/seria.ee\/wp-content\/uploads\/2024\/08\/Kaasrahastanud_EL_kaksiklogod_EST_hor_color_RGB-600x349.png 600w\" sizes=\"(max-width: 800px) 100vw, 800px\" \/>\t\t\t\t\t\t\t\t\t\t\t\t\t\t\t<\/div>\n\t\t\t\t<\/div>\n\t\t\t\t<div class=\"elementor-element elementor-element-5c87e6a elementor-widget elementor-widget-heading\" data-id=\"5c87e6a\" data-element_type=\"widget\" data-e-type=\"widget\" data-widget_type=\"heading.default\">\n\t\t\t\t<div class=\"elementor-widget-container\">\n\t\t\t\t\t<h4 class=\"elementor-heading-title elementor-size-default\">Seria Haldus O\u00dc digitalising roadmap<\/h4>\t\t\t\t<\/div>\n\t\t\t\t<\/div>\n\t\t\t\t<div class=\"elementor-element elementor-element-0f83520 elementor-widget elementor-widget-text-editor\" data-id=\"0f83520\" data-element_type=\"widget\" data-e-type=\"widget\" data-widget_type=\"text-editor.default\">\n\t\t\t\t<div class=\"elementor-widget-container\">\n\t\t\t\t\t\t\t\t\t<br><strong>Purpose<\/strong><br>\n\n<i>The purpose of the project is to adequately evaluate and map the automatization and digitalization of the company's processes in order to figure out effective solutions to better them.<\/i>\t\t\t\t\t\t\t\t<\/div>\n\t\t\t\t<\/div>\n\t\t\t\t<div class=\"elementor-element elementor-element-38388de elementor-widget elementor-widget-text-editor\" data-id=\"38388de\" data-element_type=\"widget\" data-e-type=\"widget\" data-widget_type=\"text-editor.default\">\n\t\t\t\t<div class=\"elementor-widget-container\">\n\t\t\t\t\t\t\t\t\t<br><strong>Goal<\/strong><br>\n\n<i>The digitalisation roadmap is a company\u2019s strategic document that assesses the level of digitalisation within the company, plans for eliminating bottlenecks related to necessary investments, and evaluates their profitability and impact on the company\u2019s financial performance. The digitalisation action plan also includes a 3-year plan for implementing digitalisation.\u00a0<\/i>\t\t\t\t\t\t\t\t<\/div>\n\t\t\t\t<\/div>\n\t\t\t\t<div class=\"elementor-element elementor-element-2ef5410 elementor-widget elementor-widget-text-editor\" data-id=\"2ef5410\" data-element_type=\"widget\" data-e-type=\"widget\" data-widget_type=\"text-editor.default\">\n\t\t\t\t<div class=\"elementor-widget-container\">\n\t\t\t\t\t\t\t\t\t<p><br \/><strong>Grant sum<\/strong>: 7476.00 \u20ac<\/p>\t\t\t\t\t\t\t\t<\/div>\n\t\t\t\t<\/div>\n\t\t\t\t\t<\/div>\n\t\t\t\t<\/div>\n\t\t<div class=\"elementor-element elementor-element-f1d3799 e-flex e-con-boxed e-con e-parent\" data-id=\"f1d3799\" data-element_type=\"container\" data-e-type=\"container\" data-settings=\"{&quot;background_background&quot;:&quot;classic&quot;}\">\n\t\t\t\t\t<div class=\"e-con-inner\">\n\t\t\t\t<div class=\"elementor-element elementor-element-fbf3aa9 elementor-widget-divider--view-line elementor-widget elementor-widget-divider\" data-id=\"fbf3aa9\" data-element_type=\"widget\" data-e-type=\"widget\" data-widget_type=\"divider.default\">\n\t\t\t\t<div class=\"elementor-widget-container\">\n\t\t\t\t\t\t\t<div class=\"elementor-divider\">\n\t\t\t<span class=\"elementor-divider-separator\">\n\t\t\t\t\t\t<\/span>\n\t\t<\/div>\n\t\t\t\t\t\t<\/div>\n\t\t\t\t<\/div>\n\t\t\t\t<div class=\"elementor-element elementor-element-e481e19 elementor-widget elementor-widget-image\" data-id=\"e481e19\" data-element_type=\"widget\" data-e-type=\"widget\" data-widget_type=\"image.default\">\n\t\t\t\t<div class=\"elementor-widget-container\">\n\t\t\t\t\t\t\t\t\t\t\t\t\t\t\t<img decoding=\"async\" width=\"800\" height=\"449\" src=\"https:\/\/seria.ee\/wp-content\/uploads\/2025\/08\/NextGen_Rahastanud_EL_NextGeneration_EST_hor_color_RGB.png\" class=\"attachment-large size-large wp-image-3894\" alt=\"\" srcset=\"https:\/\/seria.ee\/wp-content\/uploads\/2025\/08\/NextGen_Rahastanud_EL_NextGeneration_EST_hor_color_RGB.png 1022w, https:\/\/seria.ee\/wp-content\/uploads\/2025\/08\/NextGen_Rahastanud_EL_NextGeneration_EST_hor_color_RGB-300x168.png 300w, https:\/\/seria.ee\/wp-content\/uploads\/2025\/08\/NextGen_Rahastanud_EL_NextGeneration_EST_hor_color_RGB-768x431.png 768w, https:\/\/seria.ee\/wp-content\/uploads\/2025\/08\/NextGen_Rahastanud_EL_NextGeneration_EST_hor_color_RGB-18x10.png 18w, https:\/\/seria.ee\/wp-content\/uploads\/2025\/08\/NextGen_Rahastanud_EL_NextGeneration_EST_hor_color_RGB-600x337.png 600w\" sizes=\"(max-width: 800px) 100vw, 800px\" \/>\t\t\t\t\t\t\t\t\t\t\t\t\t\t\t<\/div>\n\t\t\t\t<\/div>\n\t\t\t\t<div class=\"elementor-element elementor-element-3051f8e elementor-widget elementor-widget-heading\" data-id=\"3051f8e\" data-element_type=\"widget\" data-e-type=\"widget\" data-widget_type=\"heading.default\">\n\t\t\t\t<div class=\"elementor-widget-container\">\n\t\t\t\t\t<h4 class=\"elementor-heading-title elementor-size-default\">Project 20.1.01.25-1099 \"Seria Haldus O\u00dc digip\u00f6\u00f6re\" digitalisation grant<\/h4>\t\t\t\t<\/div>\n\t\t\t\t<\/div>\n\t\t\t\t<div class=\"elementor-element elementor-element-418338f elementor-widget elementor-widget-text-editor\" data-id=\"418338f\" data-element_type=\"widget\" data-e-type=\"widget\" data-widget_type=\"text-editor.default\">\n\t\t\t\t<div class=\"elementor-widget-container\">\n\t\t\t\t\t\t\t\t\t<p data-pm-slice=\"1 1 []\">\u00a0<\/p><p class=\"text-node\" data-pm-slice=\"1 1 []\">As part of the project, data exchange within the company will be digitalised and automated, an automated production device will be acquired, and it will be integrated into the company\u2019s ERP software with the aim of improving production and management processes. The amount of support is 106,488.90 \u20ac, funded by the European Union \u2013 NextGenerationEU.<\/p><p class=\"text-node\" data-pm-slice=\"1 1 []\">Project period: 01. April 2025 \u2013 31. May 2026.<\/p>\t\t\t\t\t\t\t\t<\/div>\n\t\t\t\t<\/div>\n\t\t\t\t\t<\/div>\n\t\t\t\t<\/div>\n\t\t\t\t<\/div>","protected":false},"excerpt":{"rendered":"<p>Toetused Seria haldus O\u00dc digitaliseerimise teekaardi koostamine Eesm\u00e4rk Projekti eesm\u00e4rgiks on ettev\u00f5tte digitaliseerimisele ja automatsieerimisele hinnangu andmineja sellega seotud arengukohtade kaardistamine ning konkreetsete lahenduste v\u00e4lja pakkumineTulemus Digitaliseerimise teekaart on ettev\u00f5tte strateegiline dokument, milles hinnatakse ettev\u00f5tte digitaliseerimise taset, vajalikke investeeringuid puudutavate kitsaskohtade k\u00f5rvaldamise plaane, nende kasumlikkust ja m\u00f5ju ettev\u00f5tja finantstulemustele. Digitaliseerimise tegevuskava sisaldab ka 3-aastast kava [&hellip;]<\/p>","protected":false},"author":1,"featured_media":0,"parent":0,"menu_order":0,"comment_status":"closed","ping_status":"closed","template":"","meta":{"footnotes":""},"class_list":["post-2999","page","type-page","status-publish","hentry"],"aioseo_notices":[],"_links":{"self":[{"href":"https:\/\/seria.ee\/en\/wp-json\/wp\/v2\/pages\/2999"}],"collection":[{"href":"https:\/\/seria.ee\/en\/wp-json\/wp\/v2\/pages"}],"about":[{"href":"https:\/\/seria.ee\/en\/wp-json\/wp\/v2\/types\/page"}],"author":[{"embeddable":true,"href":"https:\/\/seria.ee\/en\/wp-json\/wp\/v2\/users\/1"}],"replies":[{"embeddable":true,"href":"https:\/\/seria.ee\/en\/wp-json\/wp\/v2\/comments?post=2999"}],"version-history":[{"count":0,"href":"https:\/\/seria.ee\/en\/wp-json\/wp\/v2\/pages\/2999\/revisions"}],"wp:attachment":[{"href":"https:\/\/seria.ee\/en\/wp-json\/wp\/v2\/media?parent=2999"}],"curies":[{"name":"wp","href":"https:\/\/api.w.org\/{rel}","templated":true}]}}